{"id":723,"date":"2026-04-22T15:22:25","date_gmt":"2026-04-22T13:22:25","guid":{"rendered":"https:\/\/vinocalidad.hartum.net\/?post_type=product&#038;p=723"},"modified":"2026-04-22T16:32:03","modified_gmt":"2026-04-22T14:32:03","slug":"palacio-de-sada","status":"publish","type":"product","link":"https:\/\/vinocalidad.hartum.net\/en\/product\/palacio-de-sada\/","title":{"rendered":"Sada Palace"},"content":{"rendered":"<p><br id=\"mas_info\"\/><br \/>\nTalk about <b>Sada Rosado Palace<\/b> It&#039;s about talking about the aristocracy of ros\u00e9 wines from Navarre. In an area of <b>Low Mountain<\/b>, Almost at the foot of the Pyrenees, the Garnacha grapes ripen slowly, preserving an acidity and freshness that are the soul of this wine. Forget the pale, soulless ros\u00e9s that are in fashion; here we have <b>character, color, and intensity<\/b> that will blow your mind.<\/p>\n<p>It is made exclusively using the traditional method of <b>bleeding<\/b>There are no presses, only the must that flows naturally due to the weight of the grapes after brief contact with the skins. It is the purest must, the &quot;heart&quot; of the grape. The result is a wine <b>vibrant, sweet and deeply aromatic<\/b> It represents the purest essence of Navarrese Garnacha. It&#039;s a full-bodied ros\u00e9, capable of holding its own through an entire meal without breaking a sweat.<\/p>\n<p><b>What will you notice?<\/b><\/p>\n<p>A deep, bright, and clear raspberry pink color. On the nose, it&#039;s an explosion of <b>Fresh red fruit: strawberries, raspberries and cherries<\/b>, with a floral touch of <b>rose petals<\/b> and a background of violet candy. On the palate it is pure balance; it has an entry <b>sweet and spacious<\/b>, But then a citrusy acidity immediately emerges, making it fresh and very lively. It&#039;s flavorful, long, and leaves a persistent fruity aftertaste that makes you want another sip.<\/p>\n<p><b>Why choose it:<\/b><\/p>\n<p>Because it is the <b>gastronomic ros\u00e9 par excellence<\/b>. It&#039;s not just a terrace wine (though it is that too), it&#039;s a wine that begs for food: <b>Seafood rice dishes, pasta, grilled vegetables, Asian food<\/b> or even white meats. If you&#039;re looking for a ros\u00e9 with flavor, structure, and the ability to appreciate Garnacha at its freshest, this is the wine for you. It is, quite simply, one of the best ros\u00e9s in Spain in its price range.<\/p>\n<p><b>A word of advice for those seeking freshness:<\/b><\/p>\n<p>This ros\u00e9 has a &quot;danger&quot;: its entry is so gentle and its finish so refreshing that the bottle disappears in the blink of an eye. <b>Note: Serve it well chilled (around 8-10\u00baC), but don&#039;t freeze it; let its aromas of red fruit fill the glass. Once you&#039;ve tasted a saign\u00e9e ros\u00e9 from Sada, mass-produced ros\u00e9s will seem like colored water.<\/b><\/p>","protected":false},"excerpt":{"rendered":"<p>Are you looking for a ros\u00e9 with soul and character? <b>Sada Rosado Palace<\/b> It is the standard of the <b>Garnacha from Navarre<\/b>. Prepared using the traditional method of <b>bleeding<\/b> In the Lower Mountain area, it is a wine <b>Intense, vibrant and full of fresh red fruit<\/b>. Forget the trends and opt for the authenticity of a ros\u00e9 with body, freshness and an elegance that makes it unbeatable at the table. <b>Pure forbidden fruit in your cup.<\/b><\/p>\n<p>Why buy it? <a href=\"#mas_info\"><b>Find out here<\/b><\/a><\/p>","protected":false},"featured_media":724,"comment_status":"open","ping_status":"closed","template":"","meta":{"_acf_changed":false},"product_brand":[],"product_cat":[35],"product_tag":[42,38,97],"class_list":{"0":"post-723","1":"product","2":"type-product","3":"status-publish","4":"has-post-thumbnail","6":"product_cat-3-rosados","7":"product_tag-crianza","8":"product_tag-garnacha","9":"product_tag-navarra","11":"first","12":"instock","13":"taxable","14":"shipping-taxable","15":"purchasable","16":"product-type-simple"},"group_of_quantity":0,"min_quantity":0,"max_quantity":"","exclude_order_quantity_value_rules":"no","exclude_category_quantity_rules":"no","combine_variations":"no","acf":[],"_links":{"self":[{"href":"https:\/\/vinocalidad.hartum.net\/en\/wp-json\/wp\/v2\/product\/723","targetHints":{"allow":["GET"]}}],"collection":[{"href":"https:\/\/vinocalidad.hartum.net\/en\/wp-json\/wp\/v2\/product"}],"about":[{"href":"https:\/\/vinocalidad.hartum.net\/en\/wp-json\/wp\/v2\/types\/product"}],"replies":[{"embeddable":true,"href":"https:\/\/vinocalidad.hartum.net\/en\/wp-json\/wp\/v2\/comments?post=723"}],"wp:featuredmedia":[{"embeddable":true,"href":"https:\/\/vinocalidad.hartum.net\/en\/wp-json\/wp\/v2\/media\/724"}],"wp:attachment":[{"href":"https:\/\/vinocalidad.hartum.net\/en\/wp-json\/wp\/v2\/media?parent=723"}],"wp:term":[{"taxonomy":"product_brand","embeddable":true,"href":"https:\/\/vinocalidad.hartum.net\/en\/wp-json\/wp\/v2\/product_brand?post=723"},{"taxonomy":"product_cat","embeddable":true,"href":"https:\/\/vinocalidad.hartum.net\/en\/wp-json\/wp\/v2\/product_cat?post=723"},{"taxonomy":"product_tag","embeddable":true,"href":"https:\/\/vinocalidad.hartum.net\/en\/wp-json\/wp\/v2\/product_tag?post=723"}],"curies":[{"name":"wp","href":"https:\/\/api.w.org\/{rel}","templated":true}]}}