{"id":530,"date":"2026-03-30T15:25:27","date_gmt":"2026-03-30T13:25:27","guid":{"rendered":"https:\/\/vinocalidad.hartum.net\/?post_type=product&#038;p=530"},"modified":"2026-04-15T22:44:22","modified_gmt":"2026-04-15T20:44:22","slug":"as-2-ladeiras","status":"publish","type":"product","link":"https:\/\/vinocalidad.hartum.net\/en\/product\/as-2-ladeiras\/","title":{"rendered":"As 2 Ladeiras"},"content":{"rendered":"<p><br id=\"mas_info\"\/><\/p>\n<p><b>Jos\u00e9 Luis Mateo<\/b> (Vinos de Encostas) es un tipo que no tiene tiempo para el marketing de postureo. Vive en el vi\u00f1edo y se nota. <b>2 Ladeiras<\/b> es su forma de explicarte qu\u00e9 es el <b>equilibrio<\/b>: combina uvas de dos laderas con orientaciones opuestas en Monterrei. Una le da la <b>madurez y el cuerpo<\/b>; la otra, ese <b>fr\u00edo y tensi\u00f3n<\/b> que te mantiene despierto.<\/p>\n<p>Aqu\u00ed mandan el <b>granito y la pizarra<\/b>. No esperes vainillas ni maderas pesadas; este vino se cr\u00eda para que sientas la tierra. Es un blanco <b>afilado, elegante y profundamente honesto<\/b>, de esos que hacen que te preguntes por qu\u00e9 has perdido tanto tiempo bebiendo vinos industriales de producci\u00f3n masiva.<\/p>\n<p><b>What will you notice?<\/b><\/p>\n<p>Nada de pi\u00f1a de lata. Vas a notar <b>fruta blanca crujiente, hierbas de monte y una mineralidad<\/b> que casi se puede masticar. En boca tiene <b>volumen<\/b>, pero corre como un rayo gracias a una acidez que te limpia el paladar y te deja listo para el siguiente asalto. Es un vino <b>largo, serio y con mucha clase<\/b>.<\/p>\n<p><b>Why choose it:<\/b><\/p>\n<p>Porque es el blanco ideal para cuando quieres beber algo que tenga <b>contenido y estructura<\/b>. Es el t\u00edpico vino que llevas a una cena de gente que \u00absabe de vino\u00bb y los dejas a todos en silencio buscando el nombre en Google. Es <b>artesan\u00eda gallega<\/b> en su m\u00e1xima expresi\u00f3n.<\/p>\n<p><b>A warning that will hurt:<\/b><\/p>\n<p>Jos\u00e9 Luis Mateo no hace vino para llenar estanter\u00edas de supermercado. La producci\u00f3n es la que es, y cuando se acaba, se acab\u00f3. <b>Aviso: este vino tiene una verticalidad que engancha<\/b>. Si est\u00e1s acostumbrado a blancos dulzones o \u00abfacilones\u00bb, prep\u00e1rate porque <b>2 Ladeiras te va a cambiar los esquemas.<\/b><\/p>","protected":false},"excerpt":{"rendered":"<p>\u00bfHarto de blancos planos que se olvidan al segundo trago? <b>2 Ladeiras<\/b> It&#039;s a white with <b>hueso, nervio y una salinidad<\/b> que te deja la boca pidiendo guerra. Un vino de <b>ensamblaje gallego<\/b> (Treixadura y Godello) que no necesita disfraces para demostrar que es <b>alta costura l\u00edquida<\/b>. Si quieres <b>pureza extrema<\/b>, This is it.<\/p>\n<p>Why buy it? <a href=\"#mas_info\"><b>Find out here<\/b><\/a><\/p>","protected":false},"featured_media":531,"comment_status":"open","ping_status":"closed","template":"","meta":{"_acf_changed":false,"_mo_disable_npp":""},"product_brand":[],"product_cat":[18],"product_tag":[92,21,55],"class_list":{"0":"post-530","1":"product","2":"type-product","3":"status-publish","4":"has-post-thumbnail","6":"product_cat-2-blancos","7":"product_tag-do-valdeorras","8":"product_tag-godello","9":"product_tag-treixadura","11":"first","12":"instock","13":"taxable","14":"shipping-taxable","15":"purchasable","16":"product-type-simple"},"acf":[],"_links":{"self":[{"href":"https:\/\/vinocalidad.hartum.net\/en\/wp-json\/wp\/v2\/product\/530","targetHints":{"allow":["GET"]}}],"collection":[{"href":"https:\/\/vinocalidad.hartum.net\/en\/wp-json\/wp\/v2\/product"}],"about":[{"href":"https:\/\/vinocalidad.hartum.net\/en\/wp-json\/wp\/v2\/types\/product"}],"replies":[{"embeddable":true,"href":"https:\/\/vinocalidad.hartum.net\/en\/wp-json\/wp\/v2\/comments?post=530"}],"wp:featuredmedia":[{"embeddable":true,"href":"https:\/\/vinocalidad.hartum.net\/en\/wp-json\/wp\/v2\/media\/531"}],"wp:attachment":[{"href":"https:\/\/vinocalidad.hartum.net\/en\/wp-json\/wp\/v2\/media?parent=530"}],"wp:term":[{"taxonomy":"product_brand","embeddable":true,"href":"https:\/\/vinocalidad.hartum.net\/en\/wp-json\/wp\/v2\/product_brand?post=530"},{"taxonomy":"product_cat","embeddable":true,"href":"https:\/\/vinocalidad.hartum.net\/en\/wp-json\/wp\/v2\/product_cat?post=530"},{"taxonomy":"product_tag","embeddable":true,"href":"https:\/\/vinocalidad.hartum.net\/en\/wp-json\/wp\/v2\/product_tag?post=530"}],"curies":[{"name":"wp","href":"https:\/\/api.w.org\/{rel}","templated":true}]}}