{"id":39,"date":"2026-04-14T18:37:57","date_gmt":"2026-04-14T16:37:57","guid":{"rendered":"http:\/\/vinocalidad.hartum.net\/?post_type=product&#038;p=39"},"modified":"2026-04-15T21:56:13","modified_gmt":"2026-04-15T19:56:13","slug":"canto-real-verdejo","status":"publish","type":"product","link":"https:\/\/vinocalidad.hartum.net\/en\/product\/canto-real-verdejo\/","title":{"rendered":"Canto Real verdejo"},"content":{"rendered":"<p>Descubre la esencia pura de la uva Verdejo con Canto Real, un vino que encarna la excelencia de la Denominaci\u00f3n de Origen D.O. Rueda. Elaborado con uvas Verdejo al punto \u00f3ptimo de madurez, provenientes de vi\u00f1edos plantados en terrenos de cascajos, Canto Real es una expresi\u00f3n aut\u00e9ntica de la regi\u00f3n. Su cuidadosa fermentaci\u00f3n a 14\u00ba durante 22 d\u00edas revela su excepcional calidad y car\u00e1cter \u00fanico. Sum\u00e9rgete en una experiencia sensorial inolvidable al degustar este vino 100% Verdejo, donde cada sorbo es un tributo al arte de la viticultura. Con una graduaci\u00f3n alcoh\u00f3lica del 13,5%, este vino ofrece un equilibrio perfecto entre frescura y estructura, cautivando los sentidos con cada gota. Disfruta de Canto Real a una temperatura ideal entre 8\u00baC y 10\u00baC, y d\u00e9jate llevar por su riqueza de aromas y sabores. Emb\u00e1rcate en un viaje sensorial que te transportar\u00e1 a los paisajes soleados de Rueda con cada copa de Canto Real.<\/p>","protected":false},"excerpt":{"rendered":"<p>Canto Real es la esencia misma de la uva Verdejo en su m\u00e1xima expresi\u00f3n. Este vino, perteneciente a la D.O. Rueda y elaborado por Bodega Diez Siglos, ofrece una experiencia sensorial incomparable. Con uvas Verdejo cultivadas en terrenos de cascajos, su fermentaci\u00f3n cuidadosa a 14\u00ba durante 22 d\u00edas garantiza una calidad excepcional. Con una graduaci\u00f3n alcoh\u00f3lica del 13,5%, Canto Real equilibra a la perfecci\u00f3n frescura y estructura. Disfruta de su sabor \u00fanico a una temperatura entre 8\u00baC y 10\u00baC y deja que cada sorbo te transporte a los vi\u00f1edos soleados de Rueda.<\/p>","protected":false},"featured_media":69,"comment_status":"open","ping_status":"closed","template":"","meta":{"_acf_changed":false,"_mo_disable_npp":""},"product_brand":[],"product_cat":[18],"product_tag":[88],"class_list":{"0":"post-39","1":"product","2":"type-product","3":"status-publish","4":"has-post-thumbnail","6":"product_cat-2-blancos","7":"product_tag-do-rueda","9":"first","10":"instock","11":"taxable","12":"shipping-taxable","13":"purchasable","14":"product-type-simple"},"acf":[],"_links":{"self":[{"href":"https:\/\/vinocalidad.hartum.net\/en\/wp-json\/wp\/v2\/product\/39","targetHints":{"allow":["GET"]}}],"collection":[{"href":"https:\/\/vinocalidad.hartum.net\/en\/wp-json\/wp\/v2\/product"}],"about":[{"href":"https:\/\/vinocalidad.hartum.net\/en\/wp-json\/wp\/v2\/types\/product"}],"replies":[{"embeddable":true,"href":"https:\/\/vinocalidad.hartum.net\/en\/wp-json\/wp\/v2\/comments?post=39"}],"wp:featuredmedia":[{"embeddable":true,"href":"https:\/\/vinocalidad.hartum.net\/en\/wp-json\/wp\/v2\/media\/69"}],"wp:attachment":[{"href":"https:\/\/vinocalidad.hartum.net\/en\/wp-json\/wp\/v2\/media?parent=39"}],"wp:term":[{"taxonomy":"product_brand","embeddable":true,"href":"https:\/\/vinocalidad.hartum.net\/en\/wp-json\/wp\/v2\/product_brand?post=39"},{"taxonomy":"product_cat","embeddable":true,"href":"https:\/\/vinocalidad.hartum.net\/en\/wp-json\/wp\/v2\/product_cat?post=39"},{"taxonomy":"product_tag","embeddable":true,"href":"https:\/\/vinocalidad.hartum.net\/en\/wp-json\/wp\/v2\/product_tag?post=39"}],"curies":[{"name":"wp","href":"https:\/\/api.w.org\/{rel}","templated":true}]}}